{"id":17,"date":"2025-07-08T07:30:19","date_gmt":"2025-07-08T07:30:19","guid":{"rendered":"https:\/\/lausagaberria.rkinformatika.online\/?page_id=17"},"modified":"2025-08-08T08:36:53","modified_gmt":"2025-08-08T08:36:53","slug":"servicios","status":"publish","type":"page","link":"https:\/\/lausagaberria.com\/eu\/servicios\/","title":{"rendered":"Zerbitzuak"},"content":{"rendered":"<div data-elementor-type=\"wp-page\" data-elementor-id=\"17\" class=\"elementor elementor-17\" data-elementor-post-type=\"page\">\n\t\t\t\t<div class=\"elementor-element elementor-element-9e6f273 e-flex e-con-boxed e-con e-parent\" data-id=\"9e6f273\" data-element_type=\"container\" data-e-type=\"container\" data-settings=\"{&quot;background_background&quot;:&quot;classic&quot;}\">\n\t\t\t\t\t<div class=\"e-con-inner\">\n\t\t\t\t<div class=\"elementor-element elementor-element-eea8628 elementor-widget__width-initial elementor-invisible elementor-widget elementor-widget-heading\" data-id=\"eea8628\" data-element_type=\"widget\" data-e-type=\"widget\" data-settings=\"{&quot;_animation&quot;:&quot;fadeInLeft&quot;}\" data-widget_type=\"heading.default\">\n\t\t\t\t\t<h2 class=\"elementor-heading-title elementor-size-default\">ZERBITZUAK<\/h2>\t\t\t\t<\/div>\n\t\t\t\t<div class=\"elementor-element elementor-element-a40eb9a elementor-widget__width-initial elementor-invisible elementor-widget elementor-widget-text-editor\" data-id=\"a40eb9a\" data-element_type=\"widget\" data-e-type=\"widget\" data-settings=\"{&quot;_animation&quot;:&quot;fadeInUp&quot;}\" data-widget_type=\"text-editor.default\">\n\t\t\t\t\t\t\t\t\t<p>Carpinter\u00eda y Ebanister\u00eda<\/p>\t\t\t\t\t\t\t\t<\/div>\n\t\t\t\t\t<\/div>\n\t\t\t\t<\/div>\n\t\t<div class=\"elementor-element elementor-element-f9a7cb1 e-flex e-con-boxed e-con e-parent\" data-id=\"f9a7cb1\" data-element_type=\"container\" data-e-type=\"container\">\n\t\t\t\t\t<div class=\"e-con-inner\">\n\t\t<div class=\"elementor-element elementor-element-52ef17b e-con-full e-flex e-con e-child\" data-id=\"52ef17b\" data-element_type=\"container\" data-e-type=\"container\">\n\t\t\t\t<div class=\"elementor-element elementor-element-ca1a84c elementor-widget elementor-widget-heading\" data-id=\"ca1a84c\" data-element_type=\"widget\" data-e-type=\"widget\" data-widget_type=\"heading.default\">\n\t\t\t\t\t<h2 class=\"elementor-heading-title elementor-size-default\">Para particulares<\/h2>\t\t\t\t<\/div>\n\t\t\t\t<div class=\"elementor-element elementor-element-b719245 elementor-widget elementor-widget-text-editor\" data-id=\"b719245\" data-element_type=\"widget\" data-e-type=\"widget\" data-widget_type=\"text-editor.default\">\n\t\t\t\t\t\t\t\t\t<ul><li data-start=\"363\" data-end=\"457\"><p data-start=\"365\" data-end=\"457\"><strong data-start=\"365\" data-end=\"409\">Fabricaci\u00f3n de muebles a medida<\/strong> (armarios, estanter\u00edas, mesas, cabeceros, etc.)<\/p><\/li><li data-start=\"458\" data-end=\"538\"><p data-start=\"460\" data-end=\"538\"><strong data-start=\"460\" data-end=\"493\">Reformas interiores en madera<\/strong> (revestimientos de paredes, techos y suelos)<\/p><\/li><li data-start=\"539\" data-end=\"588\"><p data-start=\"541\" data-end=\"588\"><strong data-start=\"541\" data-end=\"588\">Fabricaci\u00f3n de puertas y ventanas de madera<\/strong><\/p><\/li><li data-start=\"685\" data-end=\"738\"><p data-start=\"687\" data-end=\"738\"><strong data-start=\"687\" data-end=\"738\">Restauraci\u00f3n y renovaci\u00f3n de mobiliario antiguo<\/strong><\/p><\/li><\/ul>\t\t\t\t\t\t\t\t<\/div>\n\t\t\t\t<\/div>\n\t\t<div class=\"elementor-element elementor-element-f905a76 e-con-full e-flex e-con e-child\" data-id=\"f905a76\" data-element_type=\"container\" data-e-type=\"container\">\n\t\t\t\t<div class=\"elementor-element elementor-element-e46a9a8 elementor-widget elementor-widget-heading\" data-id=\"e46a9a8\" data-element_type=\"widget\" data-e-type=\"widget\" data-widget_type=\"heading.default\">\n\t\t\t\t\t<h2 class=\"elementor-heading-title elementor-size-default\">Para negocios y comercios<\/h2>\t\t\t\t<\/div>\n\t\t\t\t<div class=\"elementor-element elementor-element-2d1ba26 elementor-widget elementor-widget-text-editor\" data-id=\"2d1ba26\" data-element_type=\"widget\" data-e-type=\"widget\" data-widget_type=\"text-editor.default\">\n\t\t\t\t\t\t\t\t\t<ul><li data-start=\"778\" data-end=\"877\"><p data-start=\"780\" data-end=\"877\"><strong data-start=\"780\" data-end=\"824\">Fabricaci\u00f3n y montaje de mobiliario comercial<\/strong> (mostradores, estanter\u00edas, vitrinas, barras de bar\u2026)<\/p><\/li><li data-start=\"878\" data-end=\"972\"><p data-start=\"880\" data-end=\"972\"><strong data-start=\"880\" data-end=\"925\">Ambientes c\u00e1lidos y modernos para locales<\/strong> (cafeter\u00edas, restaurantes, tiendas, oficinas\u2026)<\/p><\/li><li data-start=\"973\" data-end=\"1060\"><p data-start=\"975\" data-end=\"1060\"><strong data-start=\"975\" data-end=\"1015\">Revestimientos decorativos en madera<\/strong> que aportan estilo y personalidad al espacio<\/p><\/li><li data-start=\"1061\" data-end=\"1112\"><p data-start=\"1063\" data-end=\"1112\"><strong data-start=\"1063\" data-end=\"1112\">Separadores de ambientes y panelados a medida<\/strong><\/p><\/li><li data-start=\"1113\" data-end=\"1180\"><p data-start=\"1115\" data-end=\"1180\"><strong data-start=\"1115\" data-end=\"1180\">Proyectos integrales de Ebanister\u00eda para reformas o aperturas<\/strong><\/p><\/li><\/ul>\t\t\t\t\t\t\t\t<\/div>\n\t\t\t\t<\/div>\n\t\t\t\t\t<\/div>\n\t\t\t\t<\/div>\n\t\t<div class=\"elementor-element elementor-element-850aa21 e-con-full e-flex e-con e-parent\" data-id=\"850aa21\" data-element_type=\"container\" data-e-type=\"container\" data-settings=\"{&quot;background_background&quot;:&quot;classic&quot;}\">\n\t\t\t\t<div class=\"elementor-element elementor-element-bb55596 elementor-cta--skin-cover elementor-cta--valign-middle elementor-animated-content elementor-bg-transform elementor-bg-transform-zoom-in elementor-widget elementor-widget-call-to-action\" data-id=\"bb55596\" data-element_type=\"widget\" data-e-type=\"widget\" data-widget_type=\"call-to-action.default\">\n\t\t\t\t\t\t\t<div class=\"elementor-cta\">\n\t\t\t\t\t<div class=\"elementor-cta__bg-wrapper\">\n\t\t\t\t<div class=\"elementor-cta__bg elementor-bg\" style=\"background-image: url(https:\/\/lausagaberria.com\/wp-content\/uploads\/2025\/07\/2148640255-1024x576.jpg);\" role=\"img\" aria-label=\"2148640255\"><\/div>\n\t\t\t\t<div class=\"elementor-cta__bg-overlay\"><\/div>\n\t\t\t<\/div>\n\t\t\t\t\t\t\t<div class=\"elementor-cta__content\">\n\t\t\t\t\n\t\t\t\t\t\t\t\t\t<h2 class=\"elementor-cta__title elementor-cta__content-item elementor-content-item elementor-animated-item--grow\">\n\t\t\t\t\t\tCu\u00e9ntanos tu idea y la haremos realidad en madera.\t\t\t\t\t<\/h2>\n\t\t\t\t\n\t\t\t\t\t\t\t\t\t<div class=\"elementor-cta__description elementor-cta__content-item elementor-content-item elementor-animated-item--grow\">\n\t\t\t\t\t\tEstaremos encantados de darte ideas, precios y soluciones a tu medida.\t\t\t\t\t<\/div>\n\t\t\t\t\n\t\t\t\t\t\t\t\t\t<div class=\"elementor-cta__button-wrapper elementor-cta__content-item elementor-content-item elementor-animated-item--grow\">\n\t\t\t\t\t<a class=\"elementor-cta__button elementor-button elementor-size-\" href=\"https:\/\/lausagaberria.com\/index.php\/contacto\/\">\n\t\t\t\t\t\tCONTACTOS\t\t\t\t\t<\/a>\n\t\t\t\t\t<\/div>\n\t\t\t\t\t\t\t<\/div>\n\t\t\t\t\t\t<\/div>\n\t\t\t\t\t\t<\/div>\n\t\t\t\t<\/div>\n\t\t\t\t<\/div>","protected":false},"excerpt":{"rendered":"<p>SERVICIOS Carpinter\u00eda y Ebanister\u00eda Para particulares Fabricaci\u00f3n de muebles a medida (armarios, estanter\u00edas, mesas, cabeceros, etc.) Reformas interiores en madera (revestimientos de paredes, techos y suelos) Fabricaci\u00f3n de puertas y ventanas de madera Restauraci\u00f3n y renovaci\u00f3n de mobiliario antiguo Para negocios y comercios Fabricaci\u00f3n y montaje de mobiliario comercial (mostradores, estanter\u00edas, vitrinas, barras de bar\u2026) [&hellip;]<\/p>\n","protected":false},"author":1,"featured_media":0,"parent":0,"menu_order":0,"comment_status":"closed","ping_status":"closed","template":"elementor_canvas","meta":{"footnotes":""},"class_list":["post-17","page","type-page","status-publish","hentry"],"yoast_head":"<!-- This site is optimized with the Yoast SEO plugin v27.3 - https:\/\/yoast.com\/product\/yoast-seo-wordpress\/ -->\n<title>Servicios - Lausaga Berria<\/title>\n<meta name=\"robots\" content=\"index, follow, max-snippet:-1, max-image-preview:large, max-video-preview:-1\" \/>\n<link rel=\"canonical\" href=\"https:\/\/lausagaberria.com\/eu\/servicios\/\" \/>\n<meta property=\"og:locale\" content=\"en_US\" \/>\n<meta property=\"og:type\" content=\"article\" \/>\n<meta property=\"og:title\" content=\"Servicios - Lausaga Berria\" \/>\n<meta property=\"og:description\" content=\"SERVICIOS Carpinter\u00eda y Ebanister\u00eda Para particulares Fabricaci\u00f3n de muebles a medida (armarios, estanter\u00edas, mesas, cabeceros, etc.) Reformas interiores en madera (revestimientos de paredes, techos y suelos) Fabricaci\u00f3n de puertas y ventanas de madera Restauraci\u00f3n y renovaci\u00f3n de mobiliario antiguo Para negocios y comercios Fabricaci\u00f3n y montaje de mobiliario comercial (mostradores, estanter\u00edas, vitrinas, barras de bar\u2026) [&hellip;]\" \/>\n<meta property=\"og:url\" content=\"https:\/\/lausagaberria.com\/eu\/servicios\/\" \/>\n<meta property=\"og:site_name\" content=\"Lausaga Berria\" \/>\n<meta property=\"article:modified_time\" content=\"2025-08-08T08:36:53+00:00\" \/>\n<meta name=\"twitter:card\" content=\"summary_large_image\" \/>\n<meta name=\"twitter:label1\" content=\"Est. reading time\" \/>\n\t<meta name=\"twitter:data1\" content=\"1 minutua\" \/>\n<script type=\"application\/ld+json\" class=\"yoast-schema-graph\">{\"@context\":\"https:\\\/\\\/schema.org\",\"@graph\":[{\"@type\":\"WebPage\",\"@id\":\"https:\\\/\\\/lausagaberria.com\\\/servicios\\\/\",\"url\":\"https:\\\/\\\/lausagaberria.com\\\/servicios\\\/\",\"name\":\"Servicios - Lausaga Berria\",\"isPartOf\":{\"@id\":\"https:\\\/\\\/lausagaberria.com\\\/#website\"},\"datePublished\":\"2025-07-08T07:30:19+00:00\",\"dateModified\":\"2025-08-08T08:36:53+00:00\",\"breadcrumb\":{\"@id\":\"https:\\\/\\\/lausagaberria.com\\\/servicios\\\/#breadcrumb\"},\"inLanguage\":\"eu\",\"potentialAction\":[{\"@type\":\"ReadAction\",\"target\":[\"https:\\\/\\\/lausagaberria.com\\\/servicios\\\/\"]}]},{\"@type\":\"BreadcrumbList\",\"@id\":\"https:\\\/\\\/lausagaberria.com\\\/servicios\\\/#breadcrumb\",\"itemListElement\":[{\"@type\":\"ListItem\",\"position\":1,\"name\":\"Portada\",\"item\":\"https:\\\/\\\/lausagaberria.com\\\/\"},{\"@type\":\"ListItem\",\"position\":2,\"name\":\"Servicios\"}]},{\"@type\":\"WebSite\",\"@id\":\"https:\\\/\\\/lausagaberria.com\\\/#website\",\"url\":\"https:\\\/\\\/lausagaberria.com\\\/\",\"name\":\"Lausaga Berria\",\"description\":\"Carpinter\u00eda \",\"publisher\":{\"@id\":\"https:\\\/\\\/lausagaberria.com\\\/#organization\"},\"potentialAction\":[{\"@type\":\"SearchAction\",\"target\":{\"@type\":\"EntryPoint\",\"urlTemplate\":\"https:\\\/\\\/lausagaberria.com\\\/?s={search_term_string}\"},\"query-input\":{\"@type\":\"PropertyValueSpecification\",\"valueRequired\":true,\"valueName\":\"search_term_string\"}}],\"inLanguage\":\"eu\"},{\"@type\":\"Organization\",\"@id\":\"https:\\\/\\\/lausagaberria.com\\\/#organization\",\"name\":\"Lausaga Berria\",\"url\":\"https:\\\/\\\/lausagaberria.com\\\/\",\"logo\":{\"@type\":\"ImageObject\",\"inLanguage\":\"eu\",\"@id\":\"https:\\\/\\\/lausagaberria.com\\\/#\\\/schema\\\/logo\\\/image\\\/\",\"url\":\"https:\\\/\\\/lausagaberria.com\\\/wp-content\\\/uploads\\\/2025\\\/07\\\/cropped-logos-05.png\",\"contentUrl\":\"https:\\\/\\\/lausagaberria.com\\\/wp-content\\\/uploads\\\/2025\\\/07\\\/cropped-logos-05.png\",\"width\":1080,\"height\":291,\"caption\":\"Lausaga Berria\"},\"image\":{\"@id\":\"https:\\\/\\\/lausagaberria.com\\\/#\\\/schema\\\/logo\\\/image\\\/\"}}]}<\/script>\n<!-- \/ Yoast SEO plugin. -->","yoast_head_json":{"title":"Servicios - Lausaga Berria","robots":{"index":"index","follow":"follow","max-snippet":"max-snippet:-1","max-image-preview":"max-image-preview:large","max-video-preview":"max-video-preview:-1"},"canonical":"https:\/\/lausagaberria.com\/eu\/servicios\/","og_locale":"en_US","og_type":"article","og_title":"Servicios - Lausaga Berria","og_description":"SERVICIOS Carpinter\u00eda y Ebanister\u00eda Para particulares Fabricaci\u00f3n de muebles a medida (armarios, estanter\u00edas, mesas, cabeceros, etc.) Reformas interiores en madera (revestimientos de paredes, techos y suelos) Fabricaci\u00f3n de puertas y ventanas de madera Restauraci\u00f3n y renovaci\u00f3n de mobiliario antiguo Para negocios y comercios Fabricaci\u00f3n y montaje de mobiliario comercial (mostradores, estanter\u00edas, vitrinas, barras de bar\u2026) [&hellip;]","og_url":"https:\/\/lausagaberria.com\/eu\/servicios\/","og_site_name":"Lausaga Berria","article_modified_time":"2025-08-08T08:36:53+00:00","twitter_card":"summary_large_image","twitter_misc":{"Est. reading time":"1 minutua"},"schema":{"@context":"https:\/\/schema.org","@graph":[{"@type":"WebPage","@id":"https:\/\/lausagaberria.com\/servicios\/","url":"https:\/\/lausagaberria.com\/servicios\/","name":"Servicios - Lausaga Berria","isPartOf":{"@id":"https:\/\/lausagaberria.com\/#website"},"datePublished":"2025-07-08T07:30:19+00:00","dateModified":"2025-08-08T08:36:53+00:00","breadcrumb":{"@id":"https:\/\/lausagaberria.com\/servicios\/#breadcrumb"},"inLanguage":"eu","potentialAction":[{"@type":"ReadAction","target":["https:\/\/lausagaberria.com\/servicios\/"]}]},{"@type":"BreadcrumbList","@id":"https:\/\/lausagaberria.com\/servicios\/#breadcrumb","itemListElement":[{"@type":"ListItem","position":1,"name":"Portada","item":"https:\/\/lausagaberria.com\/"},{"@type":"ListItem","position":2,"name":"Servicios"}]},{"@type":"WebSite","@id":"https:\/\/lausagaberria.com\/#website","url":"https:\/\/lausagaberria.com\/","name":"Lausaga Berria","description":"Carpinter\u00eda","publisher":{"@id":"https:\/\/lausagaberria.com\/#organization"},"potentialAction":[{"@type":"SearchAction","target":{"@type":"EntryPoint","urlTemplate":"https:\/\/lausagaberria.com\/?s={search_term_string}"},"query-input":{"@type":"PropertyValueSpecification","valueRequired":true,"valueName":"search_term_string"}}],"inLanguage":"eu"},{"@type":"Organization","@id":"https:\/\/lausagaberria.com\/#organization","name":"Lausaga Berria","url":"https:\/\/lausagaberria.com\/","logo":{"@type":"ImageObject","inLanguage":"eu","@id":"https:\/\/lausagaberria.com\/#\/schema\/logo\/image\/","url":"https:\/\/lausagaberria.com\/wp-content\/uploads\/2025\/07\/cropped-logos-05.png","contentUrl":"https:\/\/lausagaberria.com\/wp-content\/uploads\/2025\/07\/cropped-logos-05.png","width":1080,"height":291,"caption":"Lausaga Berria"},"image":{"@id":"https:\/\/lausagaberria.com\/#\/schema\/logo\/image\/"}}]}},"_links":{"self":[{"href":"https:\/\/lausagaberria.com\/eu\/wp-json\/wp\/v2\/pages\/17","targetHints":{"allow":["GET"]}}],"collection":[{"href":"https:\/\/lausagaberria.com\/eu\/wp-json\/wp\/v2\/pages"}],"about":[{"href":"https:\/\/lausagaberria.com\/eu\/wp-json\/wp\/v2\/types\/page"}],"author":[{"embeddable":true,"href":"https:\/\/lausagaberria.com\/eu\/wp-json\/wp\/v2\/users\/1"}],"replies":[{"embeddable":true,"href":"https:\/\/lausagaberria.com\/eu\/wp-json\/wp\/v2\/comments?post=17"}],"version-history":[{"count":64,"href":"https:\/\/lausagaberria.com\/eu\/wp-json\/wp\/v2\/pages\/17\/revisions"}],"predecessor-version":[{"id":319,"href":"https:\/\/lausagaberria.com\/eu\/wp-json\/wp\/v2\/pages\/17\/revisions\/319"}],"wp:attachment":[{"href":"https:\/\/lausagaberria.com\/eu\/wp-json\/wp\/v2\/media?parent=17"}],"curies":[{"name":"wp","href":"https:\/\/api.w.org\/{rel}","templated":true}]}}