{"id":21,"date":"2025-07-08T07:30:51","date_gmt":"2025-07-08T07:30:51","guid":{"rendered":"https:\/\/lausagaberria.rkinformatika.online\/?page_id=21"},"modified":"2025-08-11T10:52:29","modified_gmt":"2025-08-11T10:52:29","slug":"inicio","status":"publish","type":"page","link":"https:\/\/lausagaberria.com\/eu\/","title":{"rendered":"Hasiera"},"content":{"rendered":"<div data-elementor-type=\"wp-page\" data-elementor-id=\"21\" class=\"elementor elementor-21\" data-elementor-post-type=\"page\">\n\t\t\t\t<div class=\"elementor-element elementor-element-575cd6e e-flex e-con-boxed e-con e-parent\" data-id=\"575cd6e\" data-element_type=\"container\" data-e-type=\"container\" data-settings=\"{&quot;background_background&quot;:&quot;classic&quot;}\">\n\t\t\t\t\t<div class=\"e-con-inner\">\n\t\t\t\t<div class=\"elementor-element elementor-element-98eaa90 elementor-widget__width-initial elementor-invisible elementor-widget elementor-widget-heading\" data-id=\"98eaa90\" data-element_type=\"widget\" data-e-type=\"widget\" data-settings=\"{&quot;_animation&quot;:&quot;fadeInLeft&quot;}\" data-widget_type=\"heading.default\">\n\t\t\t\t\t<h2 class=\"elementor-heading-title elementor-size-default\">Lausaga Berria<\/h2>\t\t\t\t<\/div>\n\t\t\t\t<div class=\"elementor-element elementor-element-2840ddc elementor-widget__width-initial elementor-invisible elementor-widget elementor-widget-text-editor\" data-id=\"2840ddc\" data-element_type=\"widget\" data-e-type=\"widget\" data-settings=\"{&quot;_animation&quot;:&quot;fadeInUp&quot;}\" data-widget_type=\"text-editor.default\">\n\t\t\t\t\t\t\t\t\t<p>Ebanisteria<\/p>\t\t\t\t\t\t\t\t<\/div>\n\t\t\t\t\t<\/div>\n\t\t\t\t<\/div>\n\t\t<div class=\"elementor-element elementor-element-1ef3521 e-flex e-con-boxed e-con e-parent\" data-id=\"1ef3521\" data-element_type=\"container\" data-e-type=\"container\" data-settings=\"{&quot;background_background&quot;:&quot;classic&quot;}\">\n\t\t\t\t\t<div class=\"e-con-inner\">\n\t\t<div class=\"elementor-element elementor-element-0c5a05a e-con-full e-flex e-con e-child\" data-id=\"0c5a05a\" data-element_type=\"container\" data-e-type=\"container\">\n\t\t\t\t<div class=\"elementor-element elementor-element-d269338 elementor-widget elementor-widget-heading\" data-id=\"d269338\" data-element_type=\"widget\" data-e-type=\"widget\" data-widget_type=\"heading.default\">\n\t\t\t\t\t<h2 class=\"elementor-heading-title elementor-size-default\">Guri buruz<\/h2>\t\t\t\t<\/div>\n\t\t\t\t<div class=\"elementor-element elementor-element-f292da5 elementor-widget elementor-widget-text-editor\" data-id=\"f292da5\" data-element_type=\"widget\" data-e-type=\"widget\" data-widget_type=\"text-editor.default\">\n\t\t\t\t\t\t\t\t\t<p data-start=\"122\" data-end=\"427\">Lausaga Berrian, zuraren artisau-lanean 25 urte baino gehiagoko esperientzia duen profesional-talde batek osatutako enpresa txiki bat gara. Egiten dugun proiektu bakoitza xehetasunen zaintza xeheak eta gure bezeroen erabateko gogobetetasunarekiko konpromisoak markatzen dute.<\/p><p data-start=\"429\" data-end=\"783\">Gure enpresak 2012an ekin zion bere ibilbideari, baina atzean aurreko kooperatiba batean elkarrekin lan egindako talde finkatu bat dago. Ibilbide partekatu horrek bultzatu gintuen proiektu berri honi ekitera, helburu argi batekin: zur mota guztietan kalitaterik handiena eskaintzea, tradizioa, berrikuntza eta prezio lehiakorrak uztartuz.<\/p><p data-start=\"785\" data-end=\"1021\">Etxean zurezko berrikuntzak egin nahi dituzten partikularrentzat egiten dugu lan, baita negozioentzat ere (kafetegiak, jatetxeak, dendak, saltokiak...), beren bezeroentzat espazio beroak, abegitsuak eta modernoak sortzeko.<\/p>\t\t\t\t\t\t\t\t<\/div>\n\t\t\t\t<\/div>\n\t\t<div class=\"elementor-element elementor-element-61582a8 e-con-full e-flex e-con e-child\" data-id=\"61582a8\" data-element_type=\"container\" data-e-type=\"container\">\n\t\t\t\t<div class=\"elementor-element elementor-element-e31ca45 elementor-arrows-position-inside elementor-widget elementor-widget-image-carousel\" data-id=\"e31ca45\" data-element_type=\"widget\" data-e-type=\"widget\" data-settings=\"{&quot;slides_to_show&quot;:&quot;1&quot;,&quot;navigation&quot;:&quot;arrows&quot;,&quot;autoplay&quot;:&quot;yes&quot;,&quot;pause_on_hover&quot;:&quot;yes&quot;,&quot;pause_on_interaction&quot;:&quot;yes&quot;,&quot;autoplay_speed&quot;:5000,&quot;infinite&quot;:&quot;yes&quot;,&quot;effect&quot;:&quot;slide&quot;,&quot;speed&quot;:500}\" data-widget_type=\"image-carousel.default\">\n\t\t\t\t\t\t\t<div class=\"elementor-image-carousel-wrapper swiper\" role=\"region\" aria-roledescription=\"carousel\" aria-label=\"Carrusel de im\u00e1genes\" dir=\"ltr\">\n\t\t\t<div class=\"elementor-image-carousel swiper-wrapper swiper-image-stretch\" aria-live=\"off\">\n\t\t\t\t\t\t\t\t<div class=\"swiper-slide\" role=\"group\" aria-roledescription=\"slide\" aria-label=\"1 de 2\"><figure class=\"swiper-slide-inner\"><img decoding=\"async\" class=\"swiper-slide-image\" src=\"https:\/\/lausagaberria.com\/wp-content\/uploads\/2025\/07\/2151317318-1024x683.jpg\" alt=\"2151317318\" \/><\/figure><\/div><div class=\"swiper-slide\" role=\"group\" aria-roledescription=\"slide\" aria-label=\"2 de 2\"><figure class=\"swiper-slide-inner\"><img decoding=\"async\" class=\"swiper-slide-image\" src=\"https:\/\/lausagaberria.com\/wp-content\/uploads\/2025\/07\/249-1024x683.jpg\" alt=\"249\" \/><\/figure><\/div>\t\t\t<\/div>\n\t\t\t\t\t\t\t\t\t\t\t\t<div class=\"elementor-swiper-button elementor-swiper-button-prev\" role=\"button\" tabindex=\"0\">\n\t\t\t\t\t\t<svg aria-hidden=\"true\" class=\"e-font-icon-svg e-eicon-chevron-left\" viewbox=\"0 0 1000 1000\" xmlns=\"http:\/\/www.w3.org\/2000\/svg\"><path d=\"M646 125C629 125 613 133 604 142L308 442C296 454 292 471 292 487 292 504 296 521 308 533L604 854C617 867 629 875 646 875 663 875 679 871 692 858 704 846 713 829 713 812 713 796 708 779 692 767L438 487 692 225C700 217 708 204 708 187 708 171 704 154 692 142 675 129 663 125 646 125Z\"><\/path><\/svg>\t\t\t\t\t<\/div>\n\t\t\t\t\t<div class=\"elementor-swiper-button elementor-swiper-button-next\" role=\"button\" tabindex=\"0\">\n\t\t\t\t\t\t<svg aria-hidden=\"true\" class=\"e-font-icon-svg e-eicon-chevron-right\" viewbox=\"0 0 1000 1000\" xmlns=\"http:\/\/www.w3.org\/2000\/svg\"><path d=\"M696 533C708 521 713 504 713 487 713 471 708 454 696 446L400 146C388 133 375 125 354 125 338 125 325 129 313 142 300 154 292 171 292 187 292 204 296 221 308 233L563 492 304 771C292 783 288 800 288 817 288 833 296 850 308 863 321 871 338 875 354 875 371 875 388 867 400 854L696 533Z\"><\/path><\/svg>\t\t\t\t\t<\/div>\n\t\t\t\t\n\t\t\t\t\t\t\t\t\t<\/div>\n\t\t\t\t\t\t<\/div>\n\t\t\t\t<\/div>\n\t\t\t\t\t<\/div>\n\t\t\t\t<\/div>\n\t\t<div class=\"elementor-element elementor-element-93fb58c e-con-full e-flex e-con e-parent\" data-id=\"93fb58c\" data-element_type=\"container\" data-e-type=\"container\" data-settings=\"{&quot;background_background&quot;:&quot;classic&quot;}\">\n\t\t\t\t<div class=\"elementor-element elementor-element-2e0e92b elementor-cta--skin-cover elementor-cta--valign-middle elementor-animated-content elementor-bg-transform elementor-bg-transform-zoom-in elementor-widget elementor-widget-call-to-action\" data-id=\"2e0e92b\" data-element_type=\"widget\" data-e-type=\"widget\" data-widget_type=\"call-to-action.default\">\n\t\t\t\t\t\t\t<div class=\"elementor-cta\">\n\t\t\t\t\t<div class=\"elementor-cta__bg-wrapper\">\n\t\t\t\t<div class=\"elementor-cta__bg elementor-bg\" style=\"background-image: url(https:\/\/lausagaberria.com\/wp-content\/uploads\/2025\/07\/2148640255-1024x576.jpg);\" role=\"img\" aria-label=\"2148640255\"><\/div>\n\t\t\t\t<div class=\"elementor-cta__bg-overlay\"><\/div>\n\t\t\t<\/div>\n\t\t\t\t\t\t\t<div class=\"elementor-cta__content\">\n\t\t\t\t\n\t\t\t\t\t\t\t\t\t<h2 class=\"elementor-cta__title elementor-cta__content-item elementor-content-item elementor-animated-item--grow\">\n\t\t\t\t\t\tNeurrirako soluzioak, kalitate bermatua.\t\t\t\t\t<\/h2>\n\t\t\t\t\n\t\t\t\t\t\t\t\t\t<div class=\"elementor-cta__description elementor-cta__content-item elementor-content-item elementor-animated-item--grow\">\n\t\t\t\t\t\tEtxe eta negozioetarako zurezko eraberritzeak.\t\t\t\t\t<\/div>\n\t\t\t\t\n\t\t\t\t\t\t\t\t\t<div class=\"elementor-cta__button-wrapper elementor-cta__content-item elementor-content-item elementor-animated-item--grow\">\n\t\t\t\t\t<a class=\"elementor-cta__button elementor-button elementor-size-\" href=\"https:\/\/lausagaberria.com\/index.php\/servicios\/\">\n\t\t\t\t\t\tZERBITZUAK\t\t\t\t\t<\/a>\n\t\t\t\t\t<\/div>\n\t\t\t\t\t\t\t<\/div>\n\t\t\t\t\t\t<\/div>\n\t\t\t\t\t\t<\/div>\n\t\t\t\t<\/div>\n\t\t\t\t<\/div>","protected":false},"excerpt":{"rendered":"<p>Lausaga Berria Ebanister\u00eda Sobre Nosotros En Lausaga Berria somos una peque\u00f1a empresa formada por un equipo de profesionales con m\u00e1s de 25 a\u00f1os de experiencia en el trabajo artesanal de la madera. Cada proyecto que realizamos est\u00e1 marcado por el cuidado minucioso de los detalles y el compromiso con la satisfacci\u00f3n total de nuestros clientes. [&hellip;]<\/p>\n","protected":false},"author":1,"featured_media":0,"parent":0,"menu_order":0,"comment_status":"closed","ping_status":"closed","template":"elementor_canvas","meta":{"footnotes":""},"class_list":["post-21","page","type-page","status-publish","hentry"],"yoast_head":"<!-- This site is optimized with the Yoast SEO plugin v27.3 - https:\/\/yoast.com\/product\/yoast-seo-wordpress\/ -->\n<title>Inicio - Lausaga Berria<\/title>\n<meta name=\"robots\" content=\"index, follow, max-snippet:-1, max-image-preview:large, max-video-preview:-1\" \/>\n<link rel=\"canonical\" href=\"https:\/\/lausagaberria.com\/eu\/\" \/>\n<meta property=\"og:locale\" content=\"en_US\" \/>\n<meta property=\"og:type\" content=\"article\" \/>\n<meta property=\"og:title\" content=\"Inicio - Lausaga Berria\" \/>\n<meta property=\"og:description\" content=\"Lausaga Berria Ebanister\u00eda Sobre Nosotros En Lausaga Berria somos una peque\u00f1a empresa formada por un equipo de profesionales con m\u00e1s de 25 a\u00f1os de experiencia en el trabajo artesanal de la madera. Cada proyecto que realizamos est\u00e1 marcado por el cuidado minucioso de los detalles y el compromiso con la satisfacci\u00f3n total de nuestros clientes. [&hellip;]\" \/>\n<meta property=\"og:url\" content=\"https:\/\/lausagaberria.com\/eu\/\" \/>\n<meta property=\"og:site_name\" content=\"Lausaga Berria\" \/>\n<meta property=\"article:modified_time\" content=\"2025-08-11T10:52:29+00:00\" \/>\n<meta property=\"og:image\" content=\"https:\/\/lausagaberria.com\/wp-content\/uploads\/2025\/07\/2151317318-1024x683.jpg\" \/>\n<meta name=\"twitter:card\" content=\"summary_large_image\" \/>\n<meta name=\"twitter:label1\" content=\"Est. reading time\" \/>\n\t<meta name=\"twitter:data1\" content=\"2 minutua\" \/>\n<script type=\"application\/ld+json\" class=\"yoast-schema-graph\">{\"@context\":\"https:\\\/\\\/schema.org\",\"@graph\":[{\"@type\":\"WebPage\",\"@id\":\"https:\\\/\\\/lausagaberria.com\\\/\",\"url\":\"https:\\\/\\\/lausagaberria.com\\\/\",\"name\":\"Inicio - Lausaga Berria\",\"isPartOf\":{\"@id\":\"https:\\\/\\\/lausagaberria.com\\\/#website\"},\"primaryImageOfPage\":{\"@id\":\"https:\\\/\\\/lausagaberria.com\\\/#primaryimage\"},\"image\":{\"@id\":\"https:\\\/\\\/lausagaberria.com\\\/#primaryimage\"},\"thumbnailUrl\":\"https:\\\/\\\/lausagaberria.com\\\/wp-content\\\/uploads\\\/2025\\\/07\\\/2151317318-1024x683.jpg\",\"datePublished\":\"2025-07-08T07:30:51+00:00\",\"dateModified\":\"2025-08-11T10:52:29+00:00\",\"breadcrumb\":{\"@id\":\"https:\\\/\\\/lausagaberria.com\\\/#breadcrumb\"},\"inLanguage\":\"eu\",\"potentialAction\":[{\"@type\":\"ReadAction\",\"target\":[\"https:\\\/\\\/lausagaberria.com\\\/\"]}]},{\"@type\":\"ImageObject\",\"inLanguage\":\"eu\",\"@id\":\"https:\\\/\\\/lausagaberria.com\\\/#primaryimage\",\"url\":\"https:\\\/\\\/lausagaberria.com\\\/wp-content\\\/uploads\\\/2025\\\/07\\\/2151317318-1024x683.jpg\",\"contentUrl\":\"https:\\\/\\\/lausagaberria.com\\\/wp-content\\\/uploads\\\/2025\\\/07\\\/2151317318-1024x683.jpg\"},{\"@type\":\"BreadcrumbList\",\"@id\":\"https:\\\/\\\/lausagaberria.com\\\/#breadcrumb\",\"itemListElement\":[{\"@type\":\"ListItem\",\"position\":1,\"name\":\"Portada\",\"item\":\"https:\\\/\\\/lausagaberria.com\\\/\"},{\"@type\":\"ListItem\",\"position\":2,\"name\":\"Inicio\"}]},{\"@type\":\"WebSite\",\"@id\":\"https:\\\/\\\/lausagaberria.com\\\/#website\",\"url\":\"https:\\\/\\\/lausagaberria.com\\\/\",\"name\":\"Lausaga Berria\",\"description\":\"Carpinter\u00eda \",\"publisher\":{\"@id\":\"https:\\\/\\\/lausagaberria.com\\\/#organization\"},\"potentialAction\":[{\"@type\":\"SearchAction\",\"target\":{\"@type\":\"EntryPoint\",\"urlTemplate\":\"https:\\\/\\\/lausagaberria.com\\\/?s={search_term_string}\"},\"query-input\":{\"@type\":\"PropertyValueSpecification\",\"valueRequired\":true,\"valueName\":\"search_term_string\"}}],\"inLanguage\":\"eu\"},{\"@type\":\"Organization\",\"@id\":\"https:\\\/\\\/lausagaberria.com\\\/#organization\",\"name\":\"Lausaga Berria\",\"url\":\"https:\\\/\\\/lausagaberria.com\\\/\",\"logo\":{\"@type\":\"ImageObject\",\"inLanguage\":\"eu\",\"@id\":\"https:\\\/\\\/lausagaberria.com\\\/#\\\/schema\\\/logo\\\/image\\\/\",\"url\":\"https:\\\/\\\/lausagaberria.com\\\/wp-content\\\/uploads\\\/2025\\\/07\\\/cropped-logos-05.png\",\"contentUrl\":\"https:\\\/\\\/lausagaberria.com\\\/wp-content\\\/uploads\\\/2025\\\/07\\\/cropped-logos-05.png\",\"width\":1080,\"height\":291,\"caption\":\"Lausaga Berria\"},\"image\":{\"@id\":\"https:\\\/\\\/lausagaberria.com\\\/#\\\/schema\\\/logo\\\/image\\\/\"}}]}<\/script>\n<!-- \/ Yoast SEO plugin. -->","yoast_head_json":{"title":"Inicio - Lausaga Berria","robots":{"index":"index","follow":"follow","max-snippet":"max-snippet:-1","max-image-preview":"max-image-preview:large","max-video-preview":"max-video-preview:-1"},"canonical":"https:\/\/lausagaberria.com\/eu\/","og_locale":"en_US","og_type":"article","og_title":"Inicio - Lausaga Berria","og_description":"Lausaga Berria Ebanister\u00eda Sobre Nosotros En Lausaga Berria somos una peque\u00f1a empresa formada por un equipo de profesionales con m\u00e1s de 25 a\u00f1os de experiencia en el trabajo artesanal de la madera. Cada proyecto que realizamos est\u00e1 marcado por el cuidado minucioso de los detalles y el compromiso con la satisfacci\u00f3n total de nuestros clientes. [&hellip;]","og_url":"https:\/\/lausagaberria.com\/eu\/","og_site_name":"Lausaga Berria","article_modified_time":"2025-08-11T10:52:29+00:00","og_image":[{"url":"https:\/\/lausagaberria.com\/wp-content\/uploads\/2025\/07\/2151317318-1024x683.jpg","type":"","width":"","height":""}],"twitter_card":"summary_large_image","twitter_misc":{"Est. reading time":"2 minutua"},"schema":{"@context":"https:\/\/schema.org","@graph":[{"@type":"WebPage","@id":"https:\/\/lausagaberria.com\/","url":"https:\/\/lausagaberria.com\/","name":"Inicio - Lausaga Berria","isPartOf":{"@id":"https:\/\/lausagaberria.com\/#website"},"primaryImageOfPage":{"@id":"https:\/\/lausagaberria.com\/#primaryimage"},"image":{"@id":"https:\/\/lausagaberria.com\/#primaryimage"},"thumbnailUrl":"https:\/\/lausagaberria.com\/wp-content\/uploads\/2025\/07\/2151317318-1024x683.jpg","datePublished":"2025-07-08T07:30:51+00:00","dateModified":"2025-08-11T10:52:29+00:00","breadcrumb":{"@id":"https:\/\/lausagaberria.com\/#breadcrumb"},"inLanguage":"eu","potentialAction":[{"@type":"ReadAction","target":["https:\/\/lausagaberria.com\/"]}]},{"@type":"ImageObject","inLanguage":"eu","@id":"https:\/\/lausagaberria.com\/#primaryimage","url":"https:\/\/lausagaberria.com\/wp-content\/uploads\/2025\/07\/2151317318-1024x683.jpg","contentUrl":"https:\/\/lausagaberria.com\/wp-content\/uploads\/2025\/07\/2151317318-1024x683.jpg"},{"@type":"BreadcrumbList","@id":"https:\/\/lausagaberria.com\/#breadcrumb","itemListElement":[{"@type":"ListItem","position":1,"name":"Portada","item":"https:\/\/lausagaberria.com\/"},{"@type":"ListItem","position":2,"name":"Inicio"}]},{"@type":"WebSite","@id":"https:\/\/lausagaberria.com\/#website","url":"https:\/\/lausagaberria.com\/","name":"Lausaga Berria","description":"Carpinter\u00eda","publisher":{"@id":"https:\/\/lausagaberria.com\/#organization"},"potentialAction":[{"@type":"SearchAction","target":{"@type":"EntryPoint","urlTemplate":"https:\/\/lausagaberria.com\/?s={search_term_string}"},"query-input":{"@type":"PropertyValueSpecification","valueRequired":true,"valueName":"search_term_string"}}],"inLanguage":"eu"},{"@type":"Organization","@id":"https:\/\/lausagaberria.com\/#organization","name":"Lausaga Berria","url":"https:\/\/lausagaberria.com\/","logo":{"@type":"ImageObject","inLanguage":"eu","@id":"https:\/\/lausagaberria.com\/#\/schema\/logo\/image\/","url":"https:\/\/lausagaberria.com\/wp-content\/uploads\/2025\/07\/cropped-logos-05.png","contentUrl":"https:\/\/lausagaberria.com\/wp-content\/uploads\/2025\/07\/cropped-logos-05.png","width":1080,"height":291,"caption":"Lausaga Berria"},"image":{"@id":"https:\/\/lausagaberria.com\/#\/schema\/logo\/image\/"}}]}},"_links":{"self":[{"href":"https:\/\/lausagaberria.com\/eu\/wp-json\/wp\/v2\/pages\/21","targetHints":{"allow":["GET"]}}],"collection":[{"href":"https:\/\/lausagaberria.com\/eu\/wp-json\/wp\/v2\/pages"}],"about":[{"href":"https:\/\/lausagaberria.com\/eu\/wp-json\/wp\/v2\/types\/page"}],"author":[{"embeddable":true,"href":"https:\/\/lausagaberria.com\/eu\/wp-json\/wp\/v2\/users\/1"}],"replies":[{"embeddable":true,"href":"https:\/\/lausagaberria.com\/eu\/wp-json\/wp\/v2\/comments?post=21"}],"version-history":[{"count":68,"href":"https:\/\/lausagaberria.com\/eu\/wp-json\/wp\/v2\/pages\/21\/revisions"}],"predecessor-version":[{"id":307,"href":"https:\/\/lausagaberria.com\/eu\/wp-json\/wp\/v2\/pages\/21\/revisions\/307"}],"wp:attachment":[{"href":"https:\/\/lausagaberria.com\/eu\/wp-json\/wp\/v2\/media?parent=21"}],"curies":[{"name":"wp","href":"https:\/\/api.w.org\/{rel}","templated":true}]}}